


{"id":2536,"date":"2016-05-10T17:30:25","date_gmt":"2016-05-10T15:30:25","guid":{"rendered":"http:\/\/sidral.es\/info-cookies\/"},"modified":"2017-03-23T20:42:12","modified_gmt":"2017-03-23T19:42:12","slug":"informations-sur-les-cookies","status":"publish","type":"page","link":"https:\/\/sidral.es\/fr\/informations-sur-les-cookies\/","title":{"rendered":"Informations sur les cookies"},"content":{"rendered":"<p>[vc_row][vc_column][vc_column_text]<\/p>\n<h3 style=\"text-align: justify;\">Utilisation des cookies<\/h3>\n<p style=\"text-align: justify;\">Sur notre site Web, nous utilisons les cookies propres et tiers (Google Analytics) pour am\u00e9liorer votre exp\u00e9rience utilisateur et recueillir des donn\u00e9es statistiques sur l&rsquo;utilisation de notre site par les utilisateurs. Les cookies sont associ\u00e9s uniquement avec le navigateur que vous utilisez, de sorte que les donn\u00e9es personnelles concernant l&rsquo;utilisateur visitant notre site Web ne soient pas stock\u00e9es. Vous pouvez configurer votre navigateur pour informer et \/ ou refuser l&rsquo;installation de cookies, sans affecter la capacit\u00e9 de l&rsquo;utilisateur d&rsquo;acc\u00e9der aux diff\u00e9rentes zones de la bande, \u00e0 l&rsquo;exception du support de service de chat.<\/p>\n<p style=\"text-align: justify;\">Si vous naviguez sur notre site, vous acceptez l&rsquo;utilisation de cookies dans les conditions \u00e9nonc\u00e9es dans la pr\u00e9sente politique Cookies. Cette politique peut \u00eatre mise \u00e0 jour, nous vous invitons \u00e0 consulter r\u00e9guli\u00e8rement.<\/p>\n<h3 style=\"text-align: justify;\">Que sont les cookies?<\/h3>\n<p style=\"text-align: justify;\">Ce sont de petits fichiers de donn\u00e9es que le serveur Internet envoie \u00e0 l&rsquo;appareil que vous connectez \u00e0 nos sites et aux archive. Ils ne sont pas associ\u00e9s \u00e0 votre navigateur et ne fournissent pas eux-m\u00eames des donn\u00e9es personnelles. Les cookies ne peuvent pas nuire \u00e0 votre appareil et ils sont tr\u00e8s utiles car ils nous aident \u00e0 identifier et r\u00e9soudre les erreurs.<\/p>\n<p style=\"text-align: justify;\">Si vous voulez plus d&rsquo;informations sur son fonctionnement, nous vous recommandons de visiter <a href=\"http:\/\/www.allaboutcookies.org\" target=\"_blank\"><strong>www.allaboutcookies.org <\/strong><\/a> et <a href=\"http:\/\/www.youronlinechoices.eu\/es\/\" target=\"_blank\"><strong>www.youronlinechoices.eu<\/strong><\/a><\/p>\n<h3 style=\"text-align: justify;\"><span style=\"font-size: 1.17em; text-align: justify; line-height: 1.5em;\">Les cookies de r\u00e9seautage social<\/span><\/h3>\n<p style=\"text-align: justify;\">Sur notre site, les utilisateurs peuvent utiliser les touches, de mani\u00e8re simple et intuitive pour se connecter et partager certains contenus sur les r\u00e9seaux sociaux comme Facebook, Twitter, Google+, LinkedIn ou Pinterest sont inclus. Cette fonction implique l&rsquo;utilisation de cookies qui pointent vers les sites Web de ces r\u00e9seaux sociaux, stocke des informations uniquement sur eux.<\/p>\n<h3 style=\"text-align: justify;\">R\u00e9glage des cookies<\/h3>\n<p style=\"text-align: justify;\">Vous pouvez voir les \u00e9tapes pour d\u00e9sactiver l&rsquo;installation des cookies dans la section \u00abAide\u00bb de votre navigateur: Microsoft Internet Explorer, Google Chrome, Safari, Mozilla Firefox et Op\u00e9ra.<\/p>\n<p style=\"text-align: justify;\"><span style=\"line-height: 1.5em;\">De nombreux navigateurs vous permettent de transformer un chemin priv\u00e9 par lequel les cookies sont toujours supprim\u00e9s apr\u00e8s votre visite sur le web. Selon le navigateur ce mode priv\u00e9 peut avoir des noms diff\u00e9rents. Voici une liste des navigateurs les plus courants et les diff\u00e9rents noms de ce \u00abmode priv\u00e9\u00bb:<\/span><\/p>\n<ul style=\"text-align: justify;\">\n<li>Internet Explorer 8 et au-dessus &#8211; InPrivate<\/li>\n<li>Microsoft bord<\/li>\n<li>Op\u00e9ra 10.5 et sup\u00e9rieur &#8211; Navigation priv\u00e9e<\/li>\n<li>Google Chrome 10 et plus &#8211; Incognito<\/li>\n<li>Safari 2 et plus &#8211; Navigation priv\u00e9e<\/li>\n<li>Firefox 3.5 et sup\u00e9rieur &#8211; Navigation priv\u00e9e<\/li>\n<\/ul>\n<p style=\"text-align: justify;\">Ensuite nous vous d\u00e9taillons la relation de cookies utilis\u00e9e par <a href=\"http:\/\/sidral.es\" target=\"_blank\"><strong>sidral.es<\/strong>:<\/a><\/p>\n<table>\n<thead>\n<tr>\n<th>Cookie<\/th>\n<th>Type<\/th>\n<th>Dur\u00e9e<\/th>\n<th>Description<\/th>\n<\/tr>\n<\/thead>\n<tbody>\n<tr>\n<td>DevicePixelRatio<\/td>\n<td>Site Web associ\u00e9<\/td>\n<td>A 7 jours<\/td>\n<td>Pour diff\u00e9rencier les diff\u00e9rents objets de suivi qui sont cr\u00e9\u00e9s dans la session.<\/td>\n<\/tr>\n<tr>\n<td>wordpress_logged_in[hash]<\/td>\n<td>Troisi\u00e8me<\/td>\n<td>Session<\/td>\n<td>Il indique si l&rsquo;utilisateur est en ligne et qui il est<\/td>\n<\/tr>\n<tr>\n<td>wordpress_test_cookie<\/td>\n<td>Troisi\u00e8me<\/td>\n<td>Session<\/td>\n<td>Ce cookie est utilis\u00e9 pour que les WordPress gestionnaire de contenu v\u00e9rifient si le navigateur a activ\u00e9 les cookies<\/td>\n<\/tr>\n<tr>\n<td>wp-settings-1<\/td>\n<td>Troisi\u00e8me<\/td>\n<td>Lorsque vous fermez le navigateur<\/td>\n<td>Utilis\u00e9 pour personnaliser l&rsquo;interface utilisateur<\/td>\n<\/tr>\n<tr>\n<td>wp-settings-time-1<\/td>\n<td>Propre<\/td>\n<td>1 ann\u00e9e<\/td>\n<td>Personnaliser l&rsquo;interface<\/td>\n<\/tr>\n<\/tbody>\n<\/table>\n<p>[\/vc_column_text][\/vc_column][\/vc_row]<\/p>\n","protected":false},"excerpt":{"rendered":"<p>[vc_row][vc_column][vc_column_text] Utilisation des cookies Sur notre site Web, nous utilisons les cookies propres et tiers (Google Analytics) pour am\u00e9liorer votre exp\u00e9rience utilisateur et recueillir des donn\u00e9es statistiques sur l&rsquo;utilisation de notre site par les utilisateurs. Les cookies sont associ\u00e9s uniquement avec le navigateur que vous utilisez, de sorte que les donn\u00e9es personnelles concernant l&rsquo;utilisateur visitant&hellip;<\/p>\n","protected":false},"author":3,"featured_media":0,"parent":0,"menu_order":0,"comment_status":"closed","ping_status":"closed","template":"","meta":[],"_links":{"self":[{"href":"https:\/\/sidral.es\/fr\/wp-json\/wp\/v2\/pages\/2536"}],"collection":[{"href":"https:\/\/sidral.es\/fr\/wp-json\/wp\/v2\/pages"}],"about":[{"href":"https:\/\/sidral.es\/fr\/wp-json\/wp\/v2\/types\/page"}],"author":[{"embeddable":true,"href":"https:\/\/sidral.es\/fr\/wp-json\/wp\/v2\/users\/3"}],"replies":[{"embeddable":true,"href":"https:\/\/sidral.es\/fr\/wp-json\/wp\/v2\/comments?post=2536"}],"version-history":[{"count":2,"href":"https:\/\/sidral.es\/fr\/wp-json\/wp\/v2\/pages\/2536\/revisions"}],"predecessor-version":[{"id":2538,"href":"https:\/\/sidral.es\/fr\/wp-json\/wp\/v2\/pages\/2536\/revisions\/2538"}],"wp:attachment":[{"href":"https:\/\/sidral.es\/fr\/wp-json\/wp\/v2\/media?parent=2536"}],"curies":[{"name":"wp","href":"https:\/\/api.w.org\/{rel}","templated":true}]}}