


{"id":2525,"date":"2016-05-09T18:20:15","date_gmt":"2016-05-09T16:20:15","guid":{"rendered":"http:\/\/sidral.es\/tartas-chuches-candybar-fiestas\/"},"modified":"2017-03-23T20:16:25","modified_gmt":"2017-03-23T19:16:25","slug":"fete-divertissante","status":"publish","type":"page","link":"https:\/\/sidral.es\/fr\/fete-divertissante\/","title":{"rendered":"F\u00eate divertissante"},"content":{"rendered":"<p>[vc_row][vc_column][vc_column_text]<\/p>\n<h3 class=\"estrellitas\" style=\"text-align: center;\">Id\u00e9es douces pour organiser des f\u00eates plus folles<\/h3>\n<p>[\/vc_column_text][\/vc_column][\/vc_row][vc_row margin_top=\u00a0\u00bb40&Prime;][vc_column width=\u00a0\u00bb1\/2&Prime; css=\u00a0\u00bb.vc_custom_1486049000823{border-right-width: 1px !important;padding-top: 0px !important;border-right-color: #d80b8c !important;border-right-style: solid !important;}\u00a0\u00bb][vc_column_text]<\/p>\n<h3 style=\"text-align: center;\">Candy Bar<\/h3>\n<p>[\/vc_column_text][vc_row_inner css=\u00a0\u00bb.vc_custom_1468406160305{padding-right: 15px !important;}\u00a0\u00bb][vc_column_inner][vc_column_text]<\/p>\n<p style=\"text-align: justify;\">La table des sucreries est une id\u00e9e import\u00e9e d\u00b4Am\u00e9rique du Nord et c\u00b4est d\u00e9j\u00e0 un classique dans beaucoup de f\u00eates. Nous ne pensons pas seulement \u00e0 un assemblage pour enfants lors des anniversaires ou des communions, elles sont utilis\u00e9es \u00e9galement lors d\u00b4\u00e9v\u00e9nements d\u00e9di\u00e9s aux adultes comme les mariages et autres Baby Showers. De fait, l\u00b4origine de cette pratique est li\u00e9 aux mariages et non aux f\u00eates enfantines.<\/p>\n<p style=\"text-align: justify;\"><strong>La Candy Bar est un buffet de bonbons et d\u00b4autres douceurs (tartes, cupcakes et g\u00e2teaux), qui g\u00e9n\u00e9ralement se personnalise en fonction des go\u00fbts et des couleurs qu\u00b4aime la personne honor\u00e9e<\/strong>. Si vous pr\u00e9parez un beau montage avec une tarte aux bonbons, brochettes de JellyBeans, bottes de canne \u00e0 sucre SIDRAL ordonn\u00e9s par couleurs et un g\u00e2teau am\u00e9ricain par exemple, vous obtiendrez une pi\u00e8ce attractive visuellement et gagnerez les f\u00e9licitations de vos convives petits et grands. <strong>Des possibilit\u00e9s infinies pour les surprendre<\/strong>&#8230;<\/p>\n<p>[\/vc_column_text][\/vc_column_inner][\/vc_row_inner][\/vc_column][vc_column width=\u00a0\u00bb1\/2&Prime;][vc_column_text]<\/p>\n<h3 style=\"text-align: center;\">Tarte aux bonbons<\/h3>\n<p>[\/vc_column_text][vc_row_inner css=\u00a0\u00bb.vc_custom_1468404552894{padding-left: 15px !important;}\u00a0\u00bb][vc_column_inner][vc_column_text]<\/p>\n<p style=\"text-align: justify;\"><img loading=\"lazy\" class=\"size-full wp-image-758 alignleft\" src=\"http:\/\/sidral.es\/wp-content\/uploads\/tarta-chuches-sidral.jpg\" alt=\"tarta-chuches-sidral\" width=\"275\" height=\"275\" srcset=\"https:\/\/sidral.es\/wp-content\/uploads\/tarta-chuches-sidral.jpg 500w, https:\/\/sidral.es\/wp-content\/uploads\/tarta-chuches-sidral-150x150.jpg 150w\" sizes=\"(max-width: 275px) 100vw, 275px\" \/><strong>Les tartes aux bonbons sont une proposition color\u00e9e et joyeuse, facile \u00e0 faire pour n\u00b4importe quelle f\u00eate<\/strong>. Elles surprennent instinctivement les plus jeunes tel un r\u00eave devenu r\u00e9alit\u00e9.<\/p>\n<p style=\"text-align: justify;\">Nous les fabriquons en tant de couleurs et saveurs diff\u00e9rentes qu\u00b4il est <strong>impossible de ne pas trouver la tarte parfaite pour chaque enfant<\/strong>. Beaucoup commandent une plaque de sucre avec un personnage d\u00b4animation.<\/p>\n<p>[\/vc_column_text][\/vc_column_inner][\/vc_row_inner][\/vc_column][\/vc_row][vc_row margin_top=\u00a0\u00bb40&Prime;][vc_column width=\u00a0\u00bb1\/3&Prime; css=\u00a0\u00bb.vc_custom_1486049040558{border-right-width: 1px !important;padding-top: 0px !important;padding-right: 15px !important;border-right-color: #d80b8c !important;border-right-style: solid !important;}\u00a0\u00bb][vc_column_text]<\/p>\n<h3 style=\"text-align: center;\">La pi\u00f1ata<\/h3>\n<p>[\/vc_column_text][vc_column_text]<\/p>\n<p style=\"text-align: justify;\"><strong>La pi\u00f1ata est une structure en carton remplie de bonbons et autres r\u00e9compenses, recouvertes de papier color\u00e9<\/strong>. Le jeu se base sur le fait de casser la pi\u00f1ata et d\u00b4ainsi lib\u00e9rer les sucreries.<\/p>\n<p style=\"text-align: justify;\">Pr\u00e9parer une pi\u00f1ata peut n\u00e9cessiter un peu de travail, mais nous vous assurons un moment divertissant et amusant.<strong> . Les bonbons et leurs enveloppes sont des produits id\u00e9aux pour garnir l\u2019int\u00e9rieur<\/strong> car leurs enveloppes individuels prot\u00e8gent le bonbon d\u00b4un contact avec la pi\u00f1ata \u00e9galement lorsque l\u00b4on frappe la pi\u00f1ata.<\/p>\n<p>[\/vc_column_text][\/vc_column][vc_column width=\u00a0\u00bb1\/3&Prime;][vc_column_text]<\/p>\n<h3 style=\"text-align: center;\">Ballons-surprise<\/h3>\n<p>[\/vc_column_text][vc_column_text]<\/p>\n<p style=\"text-align: justify;\">Si la pi\u00f1ata vous parait trop complexe \u00e0 r\u00e9aliser, les ballons-surprise vous offrent une alternative.<\/p>\n<p style=\"text-align: justify;\"><strong>Introduisez un bonbon ou autre sucrerie dans les ballons avant de les gonfler, et jouez avec les enfants \u00e0 les exploser pour lib\u00e9rer la r\u00e9compense<\/strong>.<\/p>\n<p style=\"text-align: justify;\">Divertissement assur\u00e9 !<\/p>\n<p>[\/vc_column_text][\/vc_column][vc_column width=\u00a0\u00bb1\/3&Prime;][vc_single_image image=\u00a0\u00bb980&Prime; img_size=\u00a0\u00bbfull\u00a0\u00bb alignment=\u00a0\u00bbcenter\u00a0\u00bb][\/vc_column][\/vc_row][vc_row type=\u00a0\u00bbvc_default\u00a0\u00bb css=\u00a0\u00bb.vc_custom_1486049085245{margin-top: 40px !important;}\u00a0\u00bb][vc_column width=\u00a0\u00bb1\/3&Prime;][vc_single_image image=\u00a0\u00bb807&Prime; img_size=\u00a0\u00bbfull\u00a0\u00bb alignment=\u00a0\u00bbcenter\u00a0\u00bb][\/vc_column][vc_column width=\u00a0\u00bb1\/3&Prime;][vc_column_text]<\/p>\n<h3 style=\"text-align: center;\">Bonbons et Gin Tonic<\/h3>\n<p>[\/vc_column_text][vc_column_text]<\/p>\n<p style=\"text-align: justify;\">Avec le cocktail tendance, Gin Tonic, ne manquez pas le plateau de bonbons. <strong>Il y en a qui le prenne s\u00e9par\u00e9ment alors que d\u00b4autres les plongent directement dans leur cocktail<\/strong>. Dans n\u00b4importe quel cas, ils s\u00b4accordent parfaitement.<\/p>\n<p style=\"text-align: justify;\"><strong>Et si ce que vous aimez, est le Gin Tonic color\u00e9 et spectaculaire, tout en am\u00e9liorant l\u00b4effet digestif du tonic, jetez un \u0153il \u00e0 notre proposition que nous faisons dans <a href=\"http:\/\/bragulat.es\/\">Bragulat<\/a>.<\/strong><\/p>\n<p>[\/vc_column_text][\/vc_column][vc_column width=\u00a0\u00bb1\/3&Prime; css=\u00a0\u00bb.vc_custom_1486049056726{border-left-width: 1px !important;padding-top: 0px !important;border-left-color: #d80b8c !important;border-left-style: solid !important;}\u00a0\u00bb][vc_column_text]<\/p>\n<h3 style=\"text-align: center;\">Sacs de bonbons<\/h3>\n<p>[\/vc_column_text][vc_column_text]<\/p>\n<p style=\"text-align: justify;\">Lors des mariages, communions et autres \u00e9v\u00e9nements o\u00f9 les personnes viennent en famille avec leurs enfants, ils ne manquent quasiment pas de sacs de bonbons \u00e0 partager apr\u00e8s le repas.<\/p>\n<p style=\"text-align: justify;\">Notre conseil : <strong>pr\u00e9parer quelques sacs suppl\u00e9mentaires, parce qu\u00b4il y aura beaucoup d\u00b4adultes qui demanderont \u00e0 avoir leur sac de bonbons<\/strong>.<\/p>\n<p>[\/vc_column_text][\/vc_column][\/vc_row][vc_row margin_top=\u00a0\u00bb40&Prime;][vc_column el_class=\u00a0\u00bbbannercontacto \u00ab\u00a0][vc_column_text]<\/p>\n<p style=\"text-align: justify;\">Surtout si il s\u00b4agit d \u00b4une f\u00eate pour enfants, ayez un compte juste et partager les sacs lors de la pr\u00e9paration du menu.<\/p>\n<p style=\"text-align: justify;\">Vous pouvez combiner les surprises \u00e0 base de sucreries avec d\u00b4autres id\u00e9es app\u00e9tissantes comme par exemple des brochettes de fruits, de l\u00e9gers sandwichs, chips de l\u00e9gumes \u00e0 la sauce v\u00e9g\u00e9tale.<\/p>\n<p style=\"text-align: justify;\">De plus, ayez la prudence de laisser pour la fin les sucreries pour que les enfants soient d\u00e9j\u00e0 un peu rassasi\u00e9s au moment de leur offrir ces bonbons.<\/p>\n<div class=\"vc_empty_space\" style=\"height: 20px;\"><\/div>\n<h3 style=\"text-align: center; color: #fff; font-size: 22px;\">Vous obtiendrez une f\u00eate divertissante, app\u00e9tissante et \u00e9galement bonne pour la sant\u00e9.<\/h3>\n<p>[\/vc_column_text][\/vc_column][\/vc_row]<\/p>\n","protected":false},"excerpt":{"rendered":"<p>[vc_row][vc_column][vc_column_text] Id\u00e9es douces pour organiser des f\u00eates plus folles [\/vc_column_text][\/vc_column][\/vc_row][vc_row margin_top=\u00a0\u00bb40&Prime;][vc_column width=\u00a0\u00bb1\/2&Prime; css=\u00a0\u00bb.vc_custom_1486049000823{border-right-width: 1px !important;padding-top: 0px !important;border-right-color: #d80b8c !important;border-right-style: solid !important;}\u00a0\u00bb][vc_column_text] Candy Bar [\/vc_column_text][vc_row_inner css=\u00a0\u00bb.vc_custom_1468406160305{padding-right: 15px !important;}\u00a0\u00bb][vc_column_inner][vc_column_text] La table des sucreries est une id\u00e9e import\u00e9e d\u00b4Am\u00e9rique du Nord et c\u00b4est d\u00e9j\u00e0 un classique dans beaucoup de f\u00eates. Nous ne pensons pas seulement \u00e0 un assemblage&hellip;<\/p>\n","protected":false},"author":3,"featured_media":0,"parent":0,"menu_order":0,"comment_status":"closed","ping_status":"closed","template":"","meta":[],"_links":{"self":[{"href":"https:\/\/sidral.es\/fr\/wp-json\/wp\/v2\/pages\/2525"}],"collection":[{"href":"https:\/\/sidral.es\/fr\/wp-json\/wp\/v2\/pages"}],"about":[{"href":"https:\/\/sidral.es\/fr\/wp-json\/wp\/v2\/types\/page"}],"author":[{"embeddable":true,"href":"https:\/\/sidral.es\/fr\/wp-json\/wp\/v2\/users\/3"}],"replies":[{"embeddable":true,"href":"https:\/\/sidral.es\/fr\/wp-json\/wp\/v2\/comments?post=2525"}],"version-history":[{"count":2,"href":"https:\/\/sidral.es\/fr\/wp-json\/wp\/v2\/pages\/2525\/revisions"}],"predecessor-version":[{"id":2527,"href":"https:\/\/sidral.es\/fr\/wp-json\/wp\/v2\/pages\/2525\/revisions\/2527"}],"wp:attachment":[{"href":"https:\/\/sidral.es\/fr\/wp-json\/wp\/v2\/media?parent=2525"}],"curies":[{"name":"wp","href":"https:\/\/api.w.org\/{rel}","templated":true}]}}