


{"id":2522,"date":"2016-05-09T18:19:59","date_gmt":"2016-05-09T16:19:59","guid":{"rendered":"http:\/\/sidral.es\/informacion-nutricional-alergenos\/"},"modified":"2017-03-24T13:25:54","modified_gmt":"2017-03-24T12:25:54","slug":"information-nutritionnelle-allergenes","status":"publish","type":"page","link":"https:\/\/sidral.es\/fr\/information-nutritionnelle-allergenes\/","title":{"rendered":"Information nutritionnelle allerg\u00e8nes"},"content":{"rendered":"<p>[vc_row][vc_column][vc_column_text]<\/p>\n<h3 class=\"estrellitas\" style=\"text-align: center;\">Information nutritionnelle, intol\u00e9rance et allergies.<\/h3>\n<p>[\/vc_column_text][\/vc_column][\/vc_row][vc_row][vc_column][vc_column_text]<\/p>\n<p style=\"text-align: justify;\"><strong>Les sucreries sont un produit que les enfants aiment de fa\u00e7on presque instinctive<\/strong>. . Ils sont produits avec une texture agr\u00e9able, des couleurs vives, une odeur douce et une saveur app\u00e9tissante, de mani\u00e8re \u00e0 stimuler les sens. Ce n\u00b4est pas uniquement un produit pour les enfants : <strong>beaucoup d\u00b4adultes trouvent nos sucreries irr\u00e9sistibles<\/strong>.<\/p>\n<p style=\"text-align: justify;\">Comme ils sont tant app\u00e9tissant, c\u00b4est une grande r\u00e9compense pour transformer une journ\u00e9e normal en une journ\u00e9e extraordinaire. <strong>C\u00b4est le produit qui sera toujours pr\u00e9sent lors des f\u00eates, anniversaires et jours sp\u00e9ciaux de la vie de vos enfants<\/strong>.<\/p>\n<p style=\"text-align: justify;\">Manger avec mod\u00e9ration, <strong>les bonbons peuvent compatible avec le r\u00e9gime alimentaire de quasiment tous les enfants et adultes, d\u00e9j\u00e0 qu\u00b4actuellement nous prenons en compte les besoins et n\u00e9cessit\u00e9s lors de l\u00b4\u00e9laboration<\/strong>. Ils sont fabriqu\u00e9s sans produits allerg\u00e8nes et provocant des intol\u00e9rances. Nous proposons \u00e9galement des bonbons sans sucres pour les personnes atteintes de diab\u00e8te.<\/p>\n<p style=\"text-align: justify;\"><strong>Ce sont des compl\u00e9ments tr\u00e8s commodes \u00e0 consommer lorsqu\u00b4un apport en \u00e9nergie<\/strong>, est n\u00e9cessaire comme lors d\u00b4une activit\u00e9 physique.<\/p>\n<p>[\/vc_column_text][\/vc_column][\/vc_row][vc_row][vc_column width=\u00a0\u00bb1\/2&Prime;][vc_column_text el_class=\u00a0\u00bbbannercontacto\u00a0\u00bb]<\/p>\n<h4 style=\"text-align: justify;\">Apprenez \u00e0 savourer ce produit si apetissant pour r\u00e9compenser vos enfants et vous-m\u00eame tout en leur apprenant \u00e0 les consommer avec mod\u00e9ration.<\/h4>\n<p>[\/vc_column_text][\/vc_column][vc_column width=\u00a0\u00bb1\/2&Prime;][vc_column_text]<\/p>\n<div class=\"notepaper\">\n<figure class=\"quote\">\n<div class=\"standard-arrow\">\n<ul>\n<li>Sur les fiches produits, vous trouverez les informations nutritionnelles sp\u00e9cifiques pour chaque produit.<\/li>\n<li>Par exemple, un caramel apporte approximativement 40 Kcal (450 Kcal pour 100g)<\/li>\n<li>Il est d\u00e9conseill\u00e9 de donner des sucreries aux nourrissons et enfants en bas \u00e2ge jusqu\u00b4\u00e0 3 ans.<\/li>\n<\/ul>\n<\/div>\n<\/figure>\n<\/div>\n<p>[\/vc_column_text][\/vc_column][\/vc_row][vc_row margin_top=\u00a0\u00bb40&Prime;][vc_column][vc_column_text]<\/p>\n<h3 class=\"estrellitas\" style=\"text-align: center;\">Allergies et intol\u00e9rance. Besoins sp\u00e9ciaux<\/h3>\n<p>[\/vc_column_text][vc_empty_space][vc_row_inner][vc_column_inner width=\u00a0\u00bb1\/4&Prime;]\n<div id=\"interactive-banner-1-wrap-6914\" class=\"ult-banner-block ult-adjust-bottom-margin ult-bb-box  banner-style01 \"   style=\"\">\n\t<h3  data-ultimate-target='#interactive-banner-1-wrap-6914 .bb-top-title '  data-responsive-json-new='{\"font-size\":\"desktop:16px;\",\"line-height\":\"desktop:27px;\"}'  class=\"title-center bb-top-title ult-responsive\" style=\"font-weight:normal;background:#d80b8c;color:#ffffff;\">Produits pour c\u0153liaques (sans gluten)<\/h3>\n\t<div class=\"mask opaque-background\" style=\"background:rgba(245,30,145,0.3);\">\n\t\t<div  data-ultimate-target='#interactive-banner-1-wrap-6914 .bb-description'  data-responsive-json-new='{\"font-size\":\"\",\"line-height\":\"\"}'  class=\"bb-description ult-responsive\" style=\"font-weight:normal;color:#ffffff;\"><\/div>\n\t<\/div><a class=\"bb-link\" href=\"\/fr\/sidral\/convient-aux-personnes-coeliaques\/\" ><\/a>\n<\/div>[\/vc_column_inner][vc_column_inner width=\u00a0\u00bb1\/4&Prime;]\n<div id=\"interactive-banner-1-wrap-5253\" class=\"ult-banner-block ult-adjust-bottom-margin ult-bb-box  banner-style01 \"   style=\"\">\n\t<h3  data-ultimate-target='#interactive-banner-1-wrap-5253 .bb-top-title '  data-responsive-json-new='{\"font-size\":\"desktop:16px;\",\"line-height\":\"desktop:27px;\"}'  class=\"title-center bb-top-title ult-responsive\" style=\"font-weight:normal;background:#d80b8c;color:#ffffff;\">Produits sp\u00e9ciaux pour les allergiques \u00e0 l\u00b4\u0153uf<\/h3>\n\t<div class=\"mask opaque-background\" style=\"background:rgba(245,30,145,0.3);\">\n\t\t<div  data-ultimate-target='#interactive-banner-1-wrap-5253 .bb-description'  data-responsive-json-new='{\"font-size\":\"\",\"line-height\":\"\"}'  class=\"bb-description ult-responsive\" style=\"font-weight:normal;color:#ffffff;\"><\/div>\n\t<\/div><a class=\"bb-link\" href=\"\/fr\/sidral\/convient-aux-allergique-aux-oeufs\/\" ><\/a>\n<\/div>[\/vc_column_inner][vc_column_inner width=\u00a0\u00bb1\/4&Prime;]\n<div id=\"interactive-banner-1-wrap-4608\" class=\"ult-banner-block ult-adjust-bottom-margin ult-bb-box  banner-style01 \"   style=\"\">\n\t<h3  data-ultimate-target='#interactive-banner-1-wrap-4608 .bb-top-title '  data-responsive-json-new='{\"font-size\":\"desktop:17px;\",\"line-height\":\"desktop:27px;\"}'  class=\"title-center bb-top-title ult-responsive\" style=\"font-weight:normal;background:#d80b8c;color:#ffffff;\">Produits sans lactose<\/h3>\n\t<div class=\"mask opaque-background\" style=\"background:rgba(245,30,145,0.3);\">\n\t\t<div  data-ultimate-target='#interactive-banner-1-wrap-4608 .bb-description'  data-responsive-json-new='{\"font-size\":\"\",\"line-height\":\"\"}'  class=\"bb-description ult-responsive\" style=\"font-weight:normal;color:#ffffff;\"><\/div>\n\t<\/div><a class=\"bb-link\" href=\"\/fr\/sidral\/sans-lactose\/\" ><\/a>\n<\/div>[\/vc_column_inner][vc_column_inner width=\u00a0\u00bb1\/4&Prime;]\n<div id=\"interactive-banner-1-wrap-1966\" class=\"ult-banner-block ult-adjust-bottom-margin ult-bb-box  banner-style01 \"   style=\"\">\n\t<h3  data-ultimate-target='#interactive-banner-1-wrap-1966 .bb-top-title '  data-responsive-json-new='{\"font-size\":\"desktop:16px;\",\"line-height\":\"desktop:27px;\"}'  class=\"title-center bb-top-title ult-responsive\" style=\"font-weight:normal;background:#d80b8c;color:#ffffff;\">Produits faibles apports calorifiques et sans sucres.<\/h3>\n\t<div class=\"mask opaque-background\" style=\"background:rgba(245,30,145,0.3);\">\n\t\t<div  data-ultimate-target='#interactive-banner-1-wrap-1966 .bb-description'  data-responsive-json-new='{\"font-size\":\"\",\"line-height\":\"\"}'  class=\"bb-description ult-responsive\" style=\"font-weight:normal;color:#ffffff;\"><\/div>\n\t<\/div><a class=\"bb-link\" href=\"\/fr\/sidral\/sans-sucre\/\" ><\/a>\n<\/div>[\/vc_column_inner][\/vc_row_inner][\/vc_column][\/vc_row]<\/p>\n","protected":false},"excerpt":{"rendered":"<p>[vc_row][vc_column][vc_column_text] Information nutritionnelle, intol\u00e9rance et allergies. [\/vc_column_text][\/vc_column][\/vc_row][vc_row][vc_column][vc_column_text] Les sucreries sont un produit que les enfants aiment de fa\u00e7on presque instinctive. . Ils sont produits avec une texture agr\u00e9able, des couleurs vives, une odeur douce et une saveur app\u00e9tissante, de mani\u00e8re \u00e0 stimuler les sens. Ce n\u00b4est pas uniquement un produit pour les enfants : beaucoup&hellip;<\/p>\n","protected":false},"author":3,"featured_media":0,"parent":0,"menu_order":0,"comment_status":"closed","ping_status":"closed","template":"","meta":[],"_links":{"self":[{"href":"https:\/\/sidral.es\/fr\/wp-json\/wp\/v2\/pages\/2522"}],"collection":[{"href":"https:\/\/sidral.es\/fr\/wp-json\/wp\/v2\/pages"}],"about":[{"href":"https:\/\/sidral.es\/fr\/wp-json\/wp\/v2\/types\/page"}],"author":[{"embeddable":true,"href":"https:\/\/sidral.es\/fr\/wp-json\/wp\/v2\/users\/3"}],"replies":[{"embeddable":true,"href":"https:\/\/sidral.es\/fr\/wp-json\/wp\/v2\/comments?post=2522"}],"version-history":[{"count":3,"href":"https:\/\/sidral.es\/fr\/wp-json\/wp\/v2\/pages\/2522\/revisions"}],"predecessor-version":[{"id":2631,"href":"https:\/\/sidral.es\/fr\/wp-json\/wp\/v2\/pages\/2522\/revisions\/2631"}],"wp:attachment":[{"href":"https:\/\/sidral.es\/fr\/wp-json\/wp\/v2\/media?parent=2522"}],"curies":[{"name":"wp","href":"https:\/\/api.w.org\/{rel}","templated":true}]}}