


{"id":2515,"date":"2016-05-09T18:19:00","date_gmt":"2016-05-09T16:19:00","guid":{"rendered":"http:\/\/sidral.es\/sidral-sweet-express\/"},"modified":"2017-03-23T19:53:32","modified_gmt":"2017-03-23T18:53:32","slug":"doux-sidral-express","status":"publish","type":"page","link":"https:\/\/sidral.es\/fr\/doux-sidral-express\/","title":{"rendered":"Doux Sidral express"},"content":{"rendered":"<p>[vc_row][vc_column][vc_column_text]<\/p>\n<h3 class=\"estrellitas\" style=\"text-align: center;\">Sidral, une saveur dynamique avec plus de 100 ans d&rsquo;histoire<\/h3>\n<p>[\/vc_column_text][\/vc_column][\/vc_row][vc_row type=\u00a0\u00bbvc_default\u00a0\u00bb margin_top=\u00a0\u00bb-50&Prime; anchor=\u00a0\u00bbabout\u00a0\u00bb css=\u00a0\u00bb.vc_custom_1467966386930{margin-bottom: 0px !important;}\u00a0\u00bb][vc_column width=\u00a0\u00bb2\/3&Prime; offset=\u00a0\u00bbvc_col-lg-offset-0 vc_col-lg-6 vc_col-md-offset-0 vc_col-md-6&Prime;][vc_column_text]<\/p>\n<p style=\"text-align: justify;\"><strong>SIDRAL <\/strong>a fait partie de la vie de plusieurs g\u00e9n\u00e9rations, notre produit phare \u00e0 plus de 100 ans d&rsquo;histoire. Dans la premi\u00e8re moiti\u00e9 du XXe si\u00e8cle, les poudres Sidral ont \u00e9t\u00e9 consomm\u00e9es principalement comme boisson gazeuse. Nos distributeurs de produits ont stimul\u00e9 notre position, nous pla\u00e7ant comme l&rsquo;une des marques leader dans le secteur.<\/p>\n<p style=\"text-align: justify;\">A cette \u00e9poque notre produit affirmait sa pr\u00e9sence accrue dans le secteur pharmaceutique. Les propri\u00e9t\u00e9s Sidral (avec une action antiacide), ont encourag\u00e9 son utilisation comme un soulagement symptomatique de l&rsquo;hyperacidit\u00e9 et encourageant la digestion lente.<\/p>\n<p style=\"text-align: justify;\">Il a fallu attendre la seconde moiti\u00e9 du si\u00e8cle dernier que le produit soit associ\u00e9 au monde des enfants. Tiges reconnaissables Sidral: Avec elle, le format des mod\u00e8les actuels adapt\u00e9s attrayant.<\/p>\n<p style=\"text-align: justify;\">Plus r\u00e9cemment, en 1998, l&rsquo;usine de Mataro (ville industrielle c\u00f4ti\u00e8re, situ\u00e9e au nord de Barcelone) dans le cadre d&rsquo;une politique d&rsquo;expansion qui nous a amen\u00e9s au XXI si\u00e8cle, \u00e0 nous d\u00e9velopper.<\/p>\n<p style=\"text-align: justify;\">\u00c0 l&rsquo;heure actuelle, <strong>SIDRAL<\/strong> est pr\u00e9sent sur les cinq continents et est form\u00e9e par une \u00e9quipe de centaines de personnes qui cherchent \u00e0 personnaliser les produits et r\u00e9pondre aux besoins et exigences sp\u00e9cifiques de chaque march\u00e9.<\/p>\n<p>[\/vc_column_text][vc_column_text el_class=\u00a0\u00bbcajasweet\u00a0\u00bb]<\/p>\n<h4 style=\"text-align: center; color: #fff; line-height: 30px;\">Notre objectif: satisfaire les go\u00fbts des enfants et des adultes de 2 \u00e0 100 ans.<\/h4>\n<p>[\/vc_column_text][\/vc_column][vc_column width=\u00a0\u00bb1\/3&Prime; offset=\u00a0\u00bbvc_col-lg-6 vc_col-md-6 vc_hidden-xs\u00a0\u00bb][vc_single_image image=\u00a0\u00bb687&Prime; img_size=\u00a0\u00bb420&#215;420&Prime; css=\u00a0\u00bb.vc_custom_1467971523476{margin-top: 140px !important;margin-right: -1000px !important;margin-left: 140px !important;}\u00a0\u00bb][vc_single_image image=\u00a0\u00bb688&Prime; img_size=\u00a0\u00bb280&#215;218&Prime; css=\u00a0\u00bb.vc_custom_1467966244541{margin-top: -560px !important;margin-right: -1000px !important;}\u00a0\u00bb][\/vc_column][\/vc_row]<\/p>\n","protected":false},"excerpt":{"rendered":"<p>[vc_row][vc_column][vc_column_text] Sidral, une saveur dynamique avec plus de 100 ans d&rsquo;histoire [\/vc_column_text][\/vc_column][\/vc_row][vc_row type=\u00a0\u00bbvc_default\u00a0\u00bb margin_top=\u00a0\u00bb-50&Prime; anchor=\u00a0\u00bbabout\u00a0\u00bb css=\u00a0\u00bb.vc_custom_1467966386930{margin-bottom: 0px !important;}\u00a0\u00bb][vc_column width=\u00a0\u00bb2\/3&Prime; offset=\u00a0\u00bbvc_col-lg-offset-0 vc_col-lg-6 vc_col-md-offset-0 vc_col-md-6&Prime;][vc_column_text] SIDRAL a fait partie de la vie de plusieurs g\u00e9n\u00e9rations, notre produit phare \u00e0 plus de 100 ans d&rsquo;histoire. Dans la premi\u00e8re moiti\u00e9 du XXe si\u00e8cle, les poudres Sidral ont \u00e9t\u00e9 consomm\u00e9es&hellip;<\/p>\n","protected":false},"author":3,"featured_media":0,"parent":0,"menu_order":0,"comment_status":"closed","ping_status":"closed","template":"","meta":[],"_links":{"self":[{"href":"https:\/\/sidral.es\/fr\/wp-json\/wp\/v2\/pages\/2515"}],"collection":[{"href":"https:\/\/sidral.es\/fr\/wp-json\/wp\/v2\/pages"}],"about":[{"href":"https:\/\/sidral.es\/fr\/wp-json\/wp\/v2\/types\/page"}],"author":[{"embeddable":true,"href":"https:\/\/sidral.es\/fr\/wp-json\/wp\/v2\/users\/3"}],"replies":[{"embeddable":true,"href":"https:\/\/sidral.es\/fr\/wp-json\/wp\/v2\/comments?post=2515"}],"version-history":[{"count":3,"href":"https:\/\/sidral.es\/fr\/wp-json\/wp\/v2\/pages\/2515\/revisions"}],"predecessor-version":[{"id":2519,"href":"https:\/\/sidral.es\/fr\/wp-json\/wp\/v2\/pages\/2515\/revisions\/2519"}],"wp:attachment":[{"href":"https:\/\/sidral.es\/fr\/wp-json\/wp\/v2\/media?parent=2515"}],"curies":[{"name":"wp","href":"https:\/\/api.w.org\/{rel}","templated":true}]}}