


{"id":2512,"date":"2016-05-09T18:18:27","date_gmt":"2016-05-09T16:18:27","guid":{"rendered":"http:\/\/sidral.es\/contactar-sidral\/"},"modified":"2017-03-24T12:16:28","modified_gmt":"2017-03-24T11:16:28","slug":"contacter-sidral","status":"publish","type":"page","link":"https:\/\/sidral.es\/fr\/contacter-sidral\/","title":{"rendered":"Contacter Sidral"},"content":{"rendered":"<p>[vc_row][vc_column][vc_column_text]<\/p>\n<h3 style=\"text-align: center;\">Bonjour! Vous souhaitez nous contacter? Nous sommes \u00e0 votre disposition:<\/h3>\n<p>[\/vc_column_text][\/vc_column][\/vc_row][vc_row margin_top=\u00a0\u00bb32&Prime;][vc_column width=\u00a0\u00bb1\/2&Prime; css=\u00a0\u00bb.vc_custom_1462890657834{padding-right: 15px !important;padding-left: 15px !important;}\u00a0\u00bb][vc_column_text]<\/p>\n<h4 class=\"estrellitascontacto\">\u00c9v\u00e8nements et salons<\/h4>\n<p>[\/vc_column_text][vc_column_text]<\/p>\n<p style=\"text-align: justify;\">Venez nous voir sur notre stand: Autour d\u2019un caf\u00e9, nous r\u00e9pondrons \u00e0 vos questions et vous pr\u00e9senteront nos nouveaut\u00e9s. Consultez les prochaines dates en cliquant <a href=\"\/?page_id=15\">ici<\/a>.<\/p>\n<p>[\/vc_column_text][vc_column_text]<\/p>\n<h4 class=\"estrellitascontacto\">Nos bureaux<\/h4>\n<p>[\/vc_column_text][vc_column_text]Sidral (Sweet Express, S.A.)<br \/>\nP.I. Mata Rocafonda &#8211; Ca La Madrona 20 A1<br \/>\n08304 Matar\u00f3 (Barcelone)<br \/>\nESPAGNE<br \/>\nT\u00e9l. <a href=\"tel:(+34) 937553111\">(+34) 937.553.111<\/a><br \/>\nFax: (+34) 937.553.113<br \/>\n<a href=\"mailto:info@sidral.es\">info@sidral.es<\/a>[\/vc_column_text][vc_raw_html]JTNDaWZyYW1lJTIwc3JjJTNEJTIyaHR0cHMlM0ElMkYlMkZ3d3cuZ29vZ2xlLmNvbSUyRm1hcHMlMkZlbWJlZCUzRnBiJTNEJTIxMW0xOCUyMTFtMTIlMjExbTMlMjExZDU5NzEuNDA0NTQ2OTM2ODc3NSUyMTJkMi40NTM2MjQ2JTIxM2Q0MS41NTQwNDMyJTIxMm0zJTIxMWYwJTIxMmYwJTIxM2YwJTIxM20yJTIxMWkxMDI0JTIxMmk3NjglMjE0ZjEzLjElMjEzbTMlMjExbTIlMjExczB4MDAwMDAwMDAwMDAwMDAwMCUyNTNBMHg4ZGIxNWQ1YzEzODIyOWZhJTIxMnNTd2VldCUyQkV4cHJlc3MlMkJTQSUyMTVlMCUyMTNtMiUyMTFzZXMlMjEyc2VzJTIxNHYxNDYyODkwNzg1MzcwJTIyJTIwd2lkdGglM0QlMjIxMDAlMjUlMjIlMjBoZWlnaHQlM0QlMjIzMDAlMjIlMjBmcmFtZWJvcmRlciUzRCUyMjAlMjIlMjBzdHlsZSUzRCUyMmJvcmRlciUzQTAlMjIlMjBhbGxvd2Z1bGxzY3JlZW4lM0UlM0MlMkZpZnJhbWUlM0U=[\/vc_raw_html][\/vc_column][vc_column width=\u00a0\u00bb1\/2&Prime; css=\u00a0\u00bb.vc_custom_1462892560128{padding-right: 15px !important;padding-left: 15px !important;}\u00a0\u00bb][vc_column_text]<\/p>\n<h4 class=\"estrellitascontacto\">Notre r\u00e9seau commercial<\/h4>\n<p>[\/vc_column_text][vc_column_text]<\/p>\n<p style=\"text-align: justify;\">Contactez-nous pour rencontrer un commercial dans votre point de vente:<\/p>\n<p>[\/vc_column_text]<div role=\"form\" class=\"wpcf7\" id=\"wpcf7-f2557-o1\" lang=\"es-ES\" dir=\"ltr\">\n<div class=\"screen-reader-response\"><p role=\"status\" aria-live=\"polite\" aria-atomic=\"true\"><\/p> <ul><\/ul><\/div>\n<form action=\"\/fr\/wp-json\/wp\/v2\/pages\/2512#wpcf7-f2557-o1\" method=\"post\" class=\"wpcf7-form init\" novalidate=\"novalidate\" data-status=\"init\">\n<div style=\"display: none;\">\n<input type=\"hidden\" name=\"_wpcf7\" value=\"2557\" \/>\n<input type=\"hidden\" name=\"_wpcf7_version\" value=\"5.5.4\" \/>\n<input type=\"hidden\" name=\"_wpcf7_locale\" value=\"es_ES\" \/>\n<input type=\"hidden\" name=\"_wpcf7_unit_tag\" value=\"wpcf7-f2557-o1\" \/>\n<input type=\"hidden\" name=\"_wpcf7_container_post\" value=\"0\" \/>\n<input type=\"hidden\" name=\"_wpcf7_posted_data_hash\" value=\"\" \/>\n<\/div>\n<p><span class=\"wpcf7-form-control-wrap nombre\"><input type=\"text\" name=\"nombre\" value=\"\" size=\"40\" class=\"wpcf7-form-control wpcf7-text wpcf7-validates-as-required\" aria-required=\"true\" aria-invalid=\"false\" placeholder=\"Nom\" \/><\/span><\/p>\n<p><span class=\"wpcf7-form-control-wrap telefono\"><input type=\"text\" name=\"telefono\" value=\"\" size=\"40\" class=\"wpcf7-form-control wpcf7-text wpcf7-validates-as-required\" aria-required=\"true\" aria-invalid=\"false\" placeholder=\"T\u00e9l\u00e9phone\" \/><\/span><\/p>\n<p><span class=\"wpcf7-form-control-wrap email\"><input type=\"email\" name=\"email\" value=\"\" size=\"40\" class=\"wpcf7-form-control wpcf7-text wpcf7-email wpcf7-validates-as-required wpcf7-validates-as-email\" aria-required=\"true\" aria-invalid=\"false\" placeholder=\"Courrier \u00e9lectronique\" \/><\/span><\/p>\n<p><span class=\"wpcf7-form-control-wrap asunto\"><input type=\"text\" name=\"asunto\" value=\"\" size=\"40\" class=\"wpcf7-form-control wpcf7-text wpcf7-validates-as-required\" aria-required=\"true\" aria-invalid=\"false\" placeholder=\"Entreprise\" \/><\/span><\/p>\n<p><span class=\"wpcf7-form-control-wrap acepto\"><span class=\"wpcf7-form-control wpcf7-acceptance\"><span class=\"wpcf7-list-item\"><input type=\"checkbox\" name=\"acepto\" value=\"1\" aria-invalid=\"false\" \/><\/span><\/span><\/span> Je suis d'accord et j'ai lu <a href=\"\/fr\/mentions-legales\/\">l'avis juridique<\/a>.<\/p>\n<p><input type=\"submit\" value=\"Envoyer\" class=\"wpcf7-form-control has-spinner wpcf7-submit\" \/><\/p>\n<div class=\"wpcf7-response-output\" aria-hidden=\"true\"><\/div><\/form><\/div>[vc_empty_space height=\u00a0\u00bb25px\u00a0\u00bb][vc_column_text el_class=\u00a0\u00bbcajacontacto\u00a0\u00bb]<\/p>\n<p class=\"aviso-legal\">Conform\u00e9ment \u00e0 la Loi sur la protection des donn\u00e9es du 13 d\u00e9cembre 15\/1999, nous vous informons que vos donn\u00e9es pourraient faire partie d&rsquo;un fichier appartenant \u00e0 la soci\u00e9t\u00e9 SweetExpress, S.A. Vous disposez d&rsquo;un droit d&rsquo;acc\u00e8s, de rectification, d&rsquo;opposition et d&rsquo;annulation qui peut \u00eatre exerc\u00e9 en \u00e9crivant \u00e0 l&rsquo;adresse ci-dessus. Par la pr\u00e9sente, j\u2019autorise express\u00e9ment la soci\u00e9t\u00e9 \u00e0 lui fournir des informations sur leurs services \u00e0 l&rsquo;adresse \u00e9lectronique indiqu\u00e9e sur le formulaire. Les informations fournies sur ce site sont purement illustratives et ne peuvent en aucun cas devenir une contrainte.<\/p>\n<p>[\/vc_column_text][\/vc_column][\/vc_row]<\/p>\n","protected":false},"excerpt":{"rendered":"<p>[vc_row][vc_column][vc_column_text] Bonjour! Vous souhaitez nous contacter? Nous sommes \u00e0 votre disposition: [\/vc_column_text][\/vc_column][\/vc_row][vc_row margin_top=\u00a0\u00bb32&Prime;][vc_column width=\u00a0\u00bb1\/2&Prime; css=\u00a0\u00bb.vc_custom_1462890657834{padding-right: 15px !important;padding-left: 15px !important;}\u00a0\u00bb][vc_column_text] \u00c9v\u00e8nements et salons [\/vc_column_text][vc_column_text] Venez nous voir sur notre stand: Autour d\u2019un caf\u00e9, nous r\u00e9pondrons \u00e0 vos questions et vous pr\u00e9senteront nos nouveaut\u00e9s. Consultez les prochaines dates en cliquant ici. [\/vc_column_text][vc_column_text] Nos bureaux [\/vc_column_text][vc_column_text]Sidral (Sweet Express,&hellip;<\/p>\n","protected":false},"author":3,"featured_media":0,"parent":0,"menu_order":0,"comment_status":"closed","ping_status":"closed","template":"","meta":[],"_links":{"self":[{"href":"https:\/\/sidral.es\/fr\/wp-json\/wp\/v2\/pages\/2512"}],"collection":[{"href":"https:\/\/sidral.es\/fr\/wp-json\/wp\/v2\/pages"}],"about":[{"href":"https:\/\/sidral.es\/fr\/wp-json\/wp\/v2\/types\/page"}],"author":[{"embeddable":true,"href":"https:\/\/sidral.es\/fr\/wp-json\/wp\/v2\/users\/3"}],"replies":[{"embeddable":true,"href":"https:\/\/sidral.es\/fr\/wp-json\/wp\/v2\/comments?post=2512"}],"version-history":[{"count":0,"href":"https:\/\/sidral.es\/fr\/wp-json\/wp\/v2\/pages\/2512\/revisions"}],"wp:attachment":[{"href":"https:\/\/sidral.es\/fr\/wp-json\/wp\/v2\/media?parent=2512"}],"curies":[{"name":"wp","href":"https:\/\/api.w.org\/{rel}","templated":true}]}}