


{"id":2506,"date":"2016-05-09T18:18:13","date_gmt":"2016-05-09T16:18:13","guid":{"rendered":"http:\/\/sidral.es\/eventos-y-ferias\/"},"modified":"2017-03-23T19:26:19","modified_gmt":"2017-03-23T18:26:19","slug":"evenements-et-foires","status":"publish","type":"page","link":"https:\/\/sidral.es\/fr\/evenements-et-foires\/","title":{"rendered":"\u00c9v\u00e8nements et foires"},"content":{"rendered":"<p>[vc_row][vc_column][vc_column_text]<\/p>\n<h3 class=\"estrellitas\" style=\"text-align: center;\">Foires et \u00e9v\u00e8nements du secteur<\/h3>\n<p>[\/vc_column_text]<div class=\"jstime timeline_preloader\" style=\"opacity:0;width:35px;margin:auto;margin-top:30px;\"><img style=\"box-shadow:none;\" alt=\"timeline_pre_loader\" src=\"https:\/\/sidral.es\/wp-content\/plugins\/Ultimate_VC_Addons\/modules\/..\/assets\/img\/timeline_pre-loader.gif\" \/><\/div><div class=\"smile-icon-timeline-wrap jstime   \"     style=\"opacity:0; \"><div class=\"timeline-line \" style=\"border-right-style:solid;border-right-color:#d80b8c;\"><z><\/z><\/div><div class=\"timeline-wrapper\"><div class=\"timeline-block \"><div class=\"timeline-dot\"><\/div><div class=\"ult-timeline-arrow\"><s><\/s><l><\/l><\/div><div class=\"timeline-icon-block\"><div class=\"ult-timeline-icon tl-icon-no-bg\" style=\"   \"><\/div> <!-- icon --><\/div><div class=\"timeline-header-block\" >\r\n\t\t\t\t\t\t\t<div id=\"timeline-item-3756\" class=\"timeline-header\" style=\"\"><h3 class=\"ult-timeline-title ult-responsive\"  data-ultimate-target='#timeline-item-3756 .ult-timeline-title'  data-responsive-json-new='{\"font-size\":\"\",\"line-height\":\"\"}'  style=\"\">29 Janvier au 1 F\u00e9vrier, 2017<\/h3><div class=\"ult-responsive timeline-item-spt\"  data-ultimate-target='#timeline-item-3756 .timeline-item-spt'  data-responsive-json-new='{\"font-size\":\"\",\"line-height\":\"\"}'  style=\"\"><\/p>\n<div class=\"timelineh3\">\n<h3 style=\"text-align: left;\">ISM<\/h3>\n<h4 style=\"text-align: left;\">International S\u00fcswaren Messe &#8211; Cologne (Allemagne)<\/h4>\n<h4 style=\"text-align: left;\">The future and heart of Sweet and Snacks<\/h4>\n<\/div>\n<p style=\"text-align: justify;\">L&rsquo;une des plus importantes foires internationales dans le monde d\u00e9di\u00e9e exclusivement aux sucreries. Il est organis\u00e9 chaque ann\u00e9e \u00e0 la fin Janvier. Sidral a \u00e9t\u00e9 pr\u00e9sent dans toutes les \u00e9ditions depuis 2001.<\/p>\n<p><\/div><\/div> <!-- header --><\/div><\/div><div class=\"timeline-block \"><div class=\"timeline-dot\"><\/div><div class=\"ult-timeline-arrow\"><s><\/s><l><\/l><\/div><div class=\"timeline-icon-block\"><div class=\"ult-timeline-icon tl-icon-no-bg\" style=\"   \"><\/div> <!-- icon --><\/div><div class=\"timeline-header-block\" >\r\n\t\t\t\t\t\t\t<div id=\"timeline-item-1451\" class=\"timeline-header\" style=\"\"><h3 class=\"ult-timeline-title ult-responsive\"  data-ultimate-target='#timeline-item-1451 .ult-timeline-title'  data-responsive-json-new='{\"font-size\":\"\",\"line-height\":\"\"}'  style=\"\">26 F\u00e9vrier au 2 Mars, 2017<\/h3><div class=\"ult-responsive timeline-item-spt\"  data-ultimate-target='#timeline-item-1451 .timeline-item-spt'  data-responsive-json-new='{\"font-size\":\"\",\"line-height\":\"\"}'  style=\"\"><\/p>\n<div class=\"timelineh3\">\n<h3 style=\"text-align: left;\">Gulfood<\/h3>\n<h4 style=\"text-align: left;\">The largest gathering of food, beverage hospitality suppliers &#8211; Dubai (\u00c9mirats Arabes Unis)<\/h4>\n<\/div>\n<p style=\"text-align: justify;\">Ce gigantesque \u00e9v\u00e8nement attire des gens venus du monde entier, en effet, jusqu&rsquo;\u00e0 90.000 visiteurs, professionnels de l&rsquo;industrie alimentaire et des boissons se d\u00e9placent chaque ann\u00e9e. C\u2019est donc une vitrine o\u00f9 nous pouvons montrer les nouveaut\u00e9s de notre catalogue et nos produits novateurs aux distributeurs.<\/p>\n<p><\/div><\/div> <!-- header --><\/div><\/div><\/div>\r\n\t\t\t\t<div id=\"timeline-seperator-9410\" class=\"timeline-separator-text \" data-sep-col=\"\" data-sep-bg-col=\"\"><span class=\"sep-text ult-responsive\"  data-ultimate-target='#timeline-seperator-9410 .sep-text'  data-responsive-json-new='{\"font-size\":\"\",\"line-height\":\"\"}'  style=\"border-width:1px;border-radius:5px;\">. . .<\/span><\/div><div class=\"timeline-wrapper \"><div class=\"timeline-block \"><div class=\"timeline-dot\"><\/div><div class=\"ult-timeline-arrow\"><s><\/s><l><\/l><\/div><div class=\"timeline-icon-block\"><div class=\"ult-timeline-icon tl-icon-no-bg\" style=\"   \"><\/div> <!-- icon --><\/div><div class=\"timeline-header-block\" >\r\n\t\t\t\t\t\t\t<div id=\"timeline-item-2247\" class=\"timeline-header\" style=\"\"><h3 class=\"ult-timeline-title ult-responsive\"  data-ultimate-target='#timeline-item-2247 .ult-timeline-title'  data-responsive-json-new='{\"font-size\":\"\",\"line-height\":\"\"}'  style=\"\">25 au28 Avril, 2016<\/h3><div class=\"ult-responsive timeline-item-spt\"  data-ultimate-target='#timeline-item-2247 .timeline-item-spt'  data-responsive-json-new='{\"font-size\":\"\",\"line-height\":\"\"}'  style=\"\"><\/p>\n<div class=\"timelineh3\">\n<h3 style=\"text-align: left;\">Alimentaria<\/h3>\n<h4 style=\"text-align: left;\">Salon international de l&rsquo;alimentation et des boissons. &#8211; Barcelona (Espagne)<\/h4>\n<\/div>\n<p style=\"text-align: justify;\">L\u2019Alimentaria est connue par les principaux op\u00e9rateurs de l&rsquo;industrie, du commerce et de la distribution comme l&rsquo;un des salons alimentaires les plus importants dans le monde. C\u2019est un salon qui rassemble pr\u00e8s de 4.000 exposants chaque ann\u00e9e et attire pr\u00e8s de 150.000 visiteurs.<\/p>\n<p><\/div><\/div> <!-- header --><\/div><\/div><div class=\"timeline-block \"><div class=\"timeline-dot\"><\/div><div class=\"ult-timeline-arrow\"><s><\/s><l><\/l><\/div><div class=\"timeline-icon-block\"><div class=\"ult-timeline-icon tl-icon-no-bg\" style=\"   \"><\/div> <!-- icon --><\/div><div class=\"timeline-header-block\" >\r\n\t\t\t\t\t\t\t<div id=\"timeline-item-7408\" class=\"timeline-header\" style=\"\"><h3 class=\"ult-timeline-title ult-responsive\"  data-ultimate-target='#timeline-item-7408 .ult-timeline-title'  data-responsive-json-new='{\"font-size\":\"\",\"line-height\":\"\"}'  style=\"\">26 \u00e0 27 Avril 2016<\/h3><div class=\"ult-responsive timeline-item-spt\"  data-ultimate-target='#timeline-item-7408 .timeline-item-spt'  data-responsive-json-new='{\"font-size\":\"\",\"line-height\":\"\"}'  style=\"\"><\/p>\n<div class=\"timelineh3\">\n<h3 style=\"text-align: left;\">Pro-Retail<\/h3>\n<h4 style=\"text-align: left;\">Promotion In-Store Excellence &#8211; Telford (Royaume-Uni)<\/h4>\n<\/div>\n<p style=\"text-align: justify;\">C\u2019est une foire au Royaume-Uni destin\u00e9e \u00e0 tous les grands d\u00e9taillants dans le pays. Il r\u00e9unit environ 200 fournisseurs et fabricants chaque ann\u00e9e. Parmi eux, <strong>Sidral<\/strong>.<\/p>\n<p><\/div><\/div> <!-- header --><\/div><\/div><div class=\"timeline-block \"><div class=\"timeline-dot\"><\/div><div class=\"ult-timeline-arrow\"><s><\/s><l><\/l><\/div><div class=\"timeline-icon-block\"><div class=\"ult-timeline-icon tl-icon-no-bg\" style=\"   \"><\/div> <!-- icon --><\/div><div class=\"timeline-header-block\" >\r\n\t\t\t\t\t\t\t<div id=\"timeline-item-7804\" class=\"timeline-header\" style=\"\"><h3 class=\"ult-timeline-title ult-responsive\"  data-ultimate-target='#timeline-item-7804 .ult-timeline-title'  data-responsive-json-new='{\"font-size\":\"\",\"line-height\":\"\"}'  style=\"\">16 au 19 Juillet 2016<\/h3><div class=\"ult-responsive timeline-item-spt\"  data-ultimate-target='#timeline-item-7804 .timeline-item-spt'  data-responsive-json-new='{\"font-size\":\"\",\"line-height\":\"\"}'  style=\"\"><\/p>\n<div class=\"timelineh3\">\n<h3 style=\"text-align: left;\">IFT<\/h3>\n<h4 style=\"text-align: left;\">Annual meeting Food expo &#8211; Chicago (\u00c9tats-Unis)<\/h4>\n<\/div>\n<p style=\"text-align: justify;\">L&rsquo;exposition des produits \u00e0 destination de l\u2019industrie alimentaire mondiale r\u00e9unit chaque ann\u00e9e plus de 23.000 r\u00e9f\u00e9rences de 90 pays diff\u00e9rents, repr\u00e9sentant les organisations les plus importantes du secteur de l&rsquo;alimentation au monde.<\/p>\n<p><\/div><\/div> <!-- header --><\/div><\/div><div class=\"timeline-block \"><div class=\"timeline-dot\"><\/div><div class=\"ult-timeline-arrow\"><s><\/s><l><\/l><\/div><div class=\"timeline-icon-block\"><div class=\"ult-timeline-icon tl-icon-no-bg\" style=\"   \"><\/div> <!-- icon --><\/div><div class=\"timeline-header-block\" >\r\n\t\t\t\t\t\t\t<div id=\"timeline-item-2280\" class=\"timeline-header\" style=\"\"><h3 class=\"ult-timeline-title ult-responsive\"  data-ultimate-target='#timeline-item-2280 .ult-timeline-title'  data-responsive-json-new='{\"font-size\":\"\",\"line-height\":\"\"}'  style=\"\">16 au 20 Octobre 2016<\/h3><div class=\"ult-responsive timeline-item-spt\"  data-ultimate-target='#timeline-item-2280 .timeline-item-spt'  data-responsive-json-new='{\"font-size\":\"\",\"line-height\":\"\"}'  style=\"\"><\/p>\n<div class=\"timelineh3\">\n<h3 style=\"text-align: left;\">SIAL<\/h3>\n<h4 style=\"text-align: left;\">International Food Exhibition &#8211; Paris (France)<\/h4>\n<\/div>\n<p style=\"text-align: justify;\">Le SIAL est le plus grand salon mondial sur l&rsquo;innovation dans le secteur de l\u2019alimentation. Jusqu&rsquo;\u00e0 7.000 entreprises provenant de 100 pays se r\u00e9unissent quelques jours afin de pr\u00e9senter leurs derniers produits.<\/p>\n<p><\/div><\/div> <!-- header --><\/div><\/div><\/div><\/div>[vc_empty_space height=\u00a0\u00bb15px\u00a0\u00bb][\/vc_column][\/vc_row]<\/p>\n","protected":false},"excerpt":{"rendered":"<p>[vc_row][vc_column][vc_column_text] Foires et \u00e9v\u00e8nements du secteur [\/vc_column_text][vc_empty_space height=\u00a0\u00bb15px\u00a0\u00bb][\/vc_column][\/vc_row]<\/p>\n","protected":false},"author":3,"featured_media":0,"parent":0,"menu_order":0,"comment_status":"closed","ping_status":"closed","template":"","meta":[],"_links":{"self":[{"href":"https:\/\/sidral.es\/fr\/wp-json\/wp\/v2\/pages\/2506"}],"collection":[{"href":"https:\/\/sidral.es\/fr\/wp-json\/wp\/v2\/pages"}],"about":[{"href":"https:\/\/sidral.es\/fr\/wp-json\/wp\/v2\/types\/page"}],"author":[{"embeddable":true,"href":"https:\/\/sidral.es\/fr\/wp-json\/wp\/v2\/users\/3"}],"replies":[{"embeddable":true,"href":"https:\/\/sidral.es\/fr\/wp-json\/wp\/v2\/comments?post=2506"}],"version-history":[{"count":2,"href":"https:\/\/sidral.es\/fr\/wp-json\/wp\/v2\/pages\/2506\/revisions"}],"predecessor-version":[{"id":2511,"href":"https:\/\/sidral.es\/fr\/wp-json\/wp\/v2\/pages\/2506\/revisions\/2511"}],"wp:attachment":[{"href":"https:\/\/sidral.es\/fr\/wp-json\/wp\/v2\/media?parent=2506"}],"curies":[{"name":"wp","href":"https:\/\/api.w.org\/{rel}","templated":true}]}}