


{"id":2355,"date":"2016-04-27T03:35:31","date_gmt":"2016-04-27T01:35:31","guid":{"rendered":"http:\/\/sidral.es\/home\/"},"modified":"2020-02-07T20:07:35","modified_gmt":"2020-02-07T19:07:35","slug":"home","status":"publish","type":"page","link":"https:\/\/sidral.es\/fr\/","title":{"rendered":"Home"},"content":{"rendered":"<p>[vc_row][vc_column][vc_column_text]<\/p>\n<h3 class=\"estrellitas\" style=\"text-align: center;\">Bonbons et friandises Sidral<\/h3>\n<p>[\/vc_column_text][\/vc_column][\/vc_row][vc_row][vc_column width=\u00a0\u00bb1\/2&Prime;][vc_column_text]<\/p>\n<p style=\"text-align: justify;\">D\u00e9j\u00e0 trois g\u00e9n\u00e9rations ont grandi avec nos friandises. Sidral est une exp\u00e9rience extraordinaire en bouche et une explosion de go\u00fbt inoubliable qui transporte imm\u00e9diatement petits et grands dans notre monde de plaisir.<\/p>\n<p style=\"text-align: justify;\">Des produits innovants avec des design attrayants qui attirent les yeux des petits et grands.<\/p>\n<p style=\"text-align: center;\"><a href=\"\/?page_id=42\">Il ne faut jamais manquer d\u2019avoir Sidral dans votre magasin!<\/a><\/p>\n<p>[\/vc_column_text][\/vc_column][vc_column width=\u00a0\u00bb1\/4&Prime; el_class=\u00a0\u00bbcajaportada\u00a0\u00bb][vc_column_text]Trouvez ici des id\u00e9es originales pour sucrer vos \u00e9v\u00e9nements.<\/p>\n<p><a class=\"button\" href=\"\/?page_id=39\">Les f\u00eates divertissantes <i class=\"fa icon-heart-filled\"><\/i><\/a>[\/vc_column_text][\/vc_column][vc_column width=\u00a0\u00bb1\/4&Prime; el_class=\u00a0\u00bbcajaportada\u00a0\u00bb][vc_column_text]Si vous avez un besoin, nous sommes l\u00e0 pour vous aider.<\/p>\n<p><a class=\"button\" href=\"\/?page_id=18\">Nous sommes \u00e0 votre \u00e9coute!<i class=\"fa icon-paper-plane\"><\/i><\/a>[\/vc_column_text][\/vc_column][\/vc_row][vc_row type=\u00a0\u00bbvc_default\u00a0\u00bb full_width=\u00a0\u00bbstretch_row\u00a0\u00bb][vc_column css=\u00a0\u00bb.vc_custom_1462977169012{background-color: #ffffff !important;}\u00a0\u00bb][vc_column_text]<\/p>\n<h4 style=\"text-align: center;\">Nos produits stars:<\/h4>\n<p>[\/vc_column_text]<div id=\"ult-carousel-88726425869f70e4434da2\" class=\"ult-carousel-wrapper   ult_horizontal\" data-gutter=\"5\" data-rtl=\"false\" ><div class=\"ult-carousel-132623782669f70e4434cd7 \" ><div class=\"ult-item-wrap\" data-animation=\"animated no-animation\"><section class=\"shortcode-teaser img-full\"><div class=\"shortcode-teaser-img\"><a class=\"rollover\" href=\"\/fr\/tige\/pailles-sidral-45cm-boite\/\"><img src=\"https:\/\/sidral.es\/wp-content\/uploads\/01-canas-sidral-45-cm-jarra.jpg\" srcset=\"https:\/\/sidral.es\/wp-content\/uploads\/01-canas-sidral-45-cm-jarra.jpg 900w\" alt=\"Paille en plastique de 45cm rempli de poudre Sidral saveur fraise.\" width=\"900\" height=\"900\" \/><\/a><\/div><div class=\"shortcode-teaser-content text-big\"><p style=\"text-align: center;\">Paille en plastique de 45cm avec ouverture facile et rempli de poudre Sidral saveur fraise.<\/p>\n<\/div><\/section><\/div><div class=\"ult-item-wrap\" data-animation=\"animated no-animation\"><section class=\"shortcode-teaser img-full\"><div class=\"shortcode-teaser-img\"><a class=\"rollover\" href=\"\/fr\/cola-fr\/baby-sidral\/\"><img src=\"https:\/\/sidral.es\/wp-content\/uploads\/14-baby-sidral.jpg\" srcset=\"https:\/\/sidral.es\/wp-content\/uploads\/14-baby-sidral.jpg 900w\" alt=\"Biberons remplis de poudre acidul\u00e9e, 4 saveurs.\" width=\"900\" height=\"900\" \/><\/a><\/div><div class=\"shortcode-teaser-content text-big\"><p style=\"text-align: center;\">Biberons remplis de poudre acidul\u00e9e, 4 saveurs.<\/p>\n<\/div><\/section><\/div><div class=\"ult-item-wrap\" data-animation=\"animated no-animation\"><section class=\"shortcode-teaser img-full\"><div class=\"shortcode-teaser-img\"><img src=\"https:\/\/sidral.es\/wp-content\/uploads\/09-botes-frutas.jpg\" srcset=\"https:\/\/sidral.es\/wp-content\/uploads\/09-botes-frutas.jpg 900w\" alt=\"Tube avec d\u00e9licieux Sidral\" width=\"900\" height=\"900\" \/><\/div><div class=\"shortcode-teaser-content text-big\"><p style=\"text-align: center;\">Tube avec\u00a0 d\u00e9licieux Sidral.<\/p>\n<\/div><\/section><\/div><div class=\"ult-item-wrap\" data-animation=\"animated no-animation\"><section class=\"shortcode-teaser img-full\"><div class=\"shortcode-teaser-img\"><a class=\"rollover\" href=\"\/fr\/framboise\/sachet-horreur\/\"><img src=\"https:\/\/sidral.es\/wp-content\/uploads\/12horror.jpg\" srcset=\"https:\/\/sidral.es\/wp-content\/uploads\/12horror.jpg 900w\" alt=\"Sachet rempli de poudre Sidral saveur framboise et tutti frutti\" width=\"900\" height=\"900\" \/><\/a><\/div><div class=\"shortcode-teaser-content text-big\"><p style=\"text-align: center;\">Sachet rempli de poudre Sidral\u00a0saveur framboise et tutti frutti<\/p>\n<\/div><\/section><\/div><\/div><\/div>            <script type=\"text\/javascript\">\r\n\t\t\t\tjQuery(document).ready(function($){\r\n               \t\t$('.ult-carousel-132623782669f70e4434cd7').slick({dots: false,autoplay: true,autoplaySpeed: 6000,speed: 300,infinite: true,arrows: true,nextArrow: '<button type=\"button\" style=\"color:#ffffff; font-size:20px;background:#d80b8c;\" class=\"slick-next circle-bg\"><i class=\"ultsl-arrow-right4\"><\/i><\/button>',prevArrow: '<button type=\"button\" style=\"color:#ffffff; font-size:20px;background:#d80b8c;\" class=\"slick-prev circle-bg\"><i class=\"ultsl-arrow-left4\"><\/i><\/button>',slidesToScroll:4,slidesToShow:4,swipe: true,draggable: true,touchMove: true,responsive: [\r\n\t\t\t\t\t\t\t{\r\n\t\t\t\t\t\t\t  breakpoint: 1025,\r\n\t\t\t\t\t\t\t  settings: {\r\n\t\t\t\t\t\t\t\tslidesToShow: 4,\r\n\t\t\t\t\t\t\t\tslidesToScroll: 4,  \r\n\t\t\t\t\t\t\t  }\r\n\t\t\t\t\t\t\t},\r\n\t\t\t\t\t\t\t{\r\n\t\t\t\t\t\t\t  breakpoint: 769,\r\n\t\t\t\t\t\t\t  settings: {\r\n\t\t\t\t\t\t\t\tslidesToShow: 4,\r\n\t\t\t\t\t\t\t\tslidesToScroll: 4\r\n\t\t\t\t\t\t\t  }\r\n\t\t\t\t\t\t\t},\r\n\t\t\t\t\t\t\t{\r\n\t\t\t\t\t\t\t  breakpoint: 481,\r\n\t\t\t\t\t\t\t  settings: {\r\n\t\t\t\t\t\t\t\tslidesToShow: 2,\r\n\t\t\t\t\t\t\t\tslidesToScroll: 2\r\n\t\t\t\t\t\t\t  }\r\n\t\t\t\t\t\t\t}\r\n\t\t\t\t\t\t],pauseOnHover: true,\r\n\t\t\t\t\t\tpauseOnDotsHover: true,customPaging: function(slider, i) {\r\n                   return '<i type=\"button\" style=\"color:#333333;\" class=\"ultsl-record\" data-role=\"none\"><\/i>';\r\n                },});\r\n\t\t\t\t});\r\n\t\t\t<\/script>\r\n            [\/vc_column][\/vc_row][vc_row type=\u00a0\u00bbvc_default\u00a0\u00bb disable_element=\u00a0\u00bbyes\u00a0\u00bb][vc_column][vc_single_image image=\u00a0\u00bb168&Prime; img_size=\u00a0\u00bbfull\u00a0\u00bb alignment=\u00a0\u00bbcenter\u00a0\u00bb image_hovers=\u00a0\u00bbfalse\u00a0\u00bb][vc_column_text css=\u00a0\u00bb.vc_custom_1490267748768{margin-bottom: 30px !important;padding-bottom: 0px !important;}\u00a0\u00bb]<\/p>\n<h4 style=\"text-align: center;\">Le coin des parents<\/h4>\n<p>[\/vc_column_text][\/vc_column][\/vc_row][vc_row type=\u00a0\u00bbvc_default\u00a0\u00bb disable_element=\u00a0\u00bbyes\u00a0\u00bb][vc_column][vc_basic_grid post_type=\u00a0\u00bbpost\u00a0\u00bb max_items=\u00a0\u00bb4&Prime; style=\u00a0\u00bblazy\u00a0\u00bb items_per_page=\u00a0\u00bb4&Prime; element_width=\u00a0\u00bb3&Prime; gap=\u00a0\u00bb5&Prime; item=\u00a0\u00bb950&Prime; initial_loading_animation=\u00a0\u00bbzoomInLeft\u00a0\u00bb grid_id=\u00a0\u00bbvc_gid:1581102168350-8349af7b-e467-4&Prime; taxonomies=\u00a0\u00bb1&Prime;][\/vc_column][\/vc_row]<\/p>\n","protected":false},"excerpt":{"rendered":"<p>[vc_row][vc_column][vc_column_text] Bonbons et friandises Sidral [\/vc_column_text][\/vc_column][\/vc_row][vc_row][vc_column width=\u00a0\u00bb1\/2&Prime;][vc_column_text] D\u00e9j\u00e0 trois g\u00e9n\u00e9rations ont grandi avec nos friandises. Sidral est une exp\u00e9rience extraordinaire en bouche et une explosion de go\u00fbt inoubliable qui transporte imm\u00e9diatement petits et grands dans notre monde de plaisir. Des produits innovants avec des design attrayants qui attirent les yeux des petits et grands. Il&hellip;<\/p>\n","protected":false},"author":3,"featured_media":0,"parent":0,"menu_order":0,"comment_status":"closed","ping_status":"closed","template":"","meta":[],"_links":{"self":[{"href":"https:\/\/sidral.es\/fr\/wp-json\/wp\/v2\/pages\/2355"}],"collection":[{"href":"https:\/\/sidral.es\/fr\/wp-json\/wp\/v2\/pages"}],"about":[{"href":"https:\/\/sidral.es\/fr\/wp-json\/wp\/v2\/types\/page"}],"author":[{"embeddable":true,"href":"https:\/\/sidral.es\/fr\/wp-json\/wp\/v2\/users\/3"}],"replies":[{"embeddable":true,"href":"https:\/\/sidral.es\/fr\/wp-json\/wp\/v2\/comments?post=2355"}],"version-history":[{"count":12,"href":"https:\/\/sidral.es\/fr\/wp-json\/wp\/v2\/pages\/2355\/revisions"}],"predecessor-version":[{"id":3584,"href":"https:\/\/sidral.es\/fr\/wp-json\/wp\/v2\/pages\/2355\/revisions\/3584"}],"wp:attachment":[{"href":"https:\/\/sidral.es\/fr\/wp-json\/wp\/v2\/media?parent=2355"}],"curies":[{"name":"wp","href":"https:\/\/api.w.org\/{rel}","templated":true}]}}